{"id":3,"date":"2021-09-30T20:42:14","date_gmt":"2021-09-30T20:42:14","guid":{"rendered":"https:\/\/katiasiqueira.com.br\/?page_id=3"},"modified":"2023-06-21T21:58:36","modified_gmt":"2023-06-21T18:58:36","slug":"politica-de-privacidade","status":"publish","type":"page","link":"https:\/\/katiasiqueira.com.br\/en\/politica-de-privacidade\/","title":{"rendered":"Privacy Policy"},"content":{"rendered":"<section class=\"section dark\" id=\"section_1125543352\">\n\t\t<div class=\"section-bg fill\" >\n\t\t\t\t\t\t\t\t\t\n\t\t\t\n\n\t\t<\/div>\n\n\t\t\t<div class=\"ux-shape-divider ux-shape-divider--top ux-shape-divider--style-curve-opacity\">\n\t\t<svg viewbox=\"0 0 1000 100\" xmlns=\"http:\/\/www.w3.org\/2000\/svg\" preserveaspectratio=\"none\">\n\t\t<path class=\"ux-shape-fill\" opacity=\"0.15\" d=\"M0 14C0 14 88.64 17.48 300 50C560 90 814 77 1003 40L1015 68L1018 104H0V14Z\"\/>\n\t\t<path class=\"ux-shape-fill\" opacity=\"0.3\" d=\"M0 45C0 45 271 90.13 500 77C657 68 830 30 1015 14V100H0V45Z\"\/>\n\t\t<path class=\"ux-shape-fill\" d=\"M0 58C0 58 188.29 90 508 90C798 90 1002 55 1002 55V100H0V58Z\"\/>\n<\/svg>\n\t<\/div>\n\n\t<div class=\"ux-shape-divider ux-shape-divider--bottom ux-shape-divider--style-curve-opacity\">\n\t\t<svg viewbox=\"0 0 1000 100\" xmlns=\"http:\/\/www.w3.org\/2000\/svg\" preserveaspectratio=\"none\">\n\t\t<path class=\"ux-shape-fill\" opacity=\"0.15\" d=\"M0 14C0 14 88.64 17.48 300 50C560 90 814 77 1003 40L1015 68L1018 104H0V14Z\"\/>\n\t\t<path class=\"ux-shape-fill\" opacity=\"0.3\" d=\"M0 45C0 45 271 90.13 500 77C657 68 830 30 1015 14V100H0V45Z\"\/>\n\t\t<path class=\"ux-shape-fill\" d=\"M0 58C0 58 188.29 90 508 90C798 90 1002 55 1002 55V100H0V58Z\"\/>\n<\/svg>\n\t<\/div>\n\n\t\t<div class=\"section-content relative\">\n\t\t\t\n\n<div class=\"row\"  id=\"row-2068454069\">\n\n\n\t<div id=\"col-1306469048\" class=\"col small-12 large-12\"  >\n\t\t\t\t<div class=\"col-inner\"  >\n\t\t\t\n\t\t\t\n\n<header class=\"entry-header text-center\">\n<h1 class=\"entry-title\" style=\"text-align: center;\">PRIVACY POLICY<\/h1>\n<div class=\"is-divider medium\" style=\"text-align: left;\">&nbsp;<\/div>\n<\/header>\n<div class=\"entry-content\">\n<h2 style=\"text-align: left;\"><span style=\"font-size: 120%;\">Who we are<\/span><\/h2>\n<p style=\"text-align: left;\">Our website is: https:\/\/katiasiqueira.com.br<\/p>\n<h2 style=\"text-align: left;\">You agree to our cookies if you continue to use our website.<\/h2>\n<p>What personal data we collect and why we collect it.<\/p>\n<h3 style=\"text-align: left;\"><span style=\"font-size: 120%;\"><br>Comments<\/span><\/h3>\n<p style=\"text-align: left;\">When visitors leave comments on the site we collect the data shown in the comments form, and also the visitor&#039;s IP address and browser user agent string to help spam detection.<\/p>\n<p style=\"text-align: left;\">An anonymized string created from your email address (also called a hash) may be provided to the Gravatar service to see if you are using it. The Gravatar service privacy policy is available here: https:\/\/automattic.com\/privacy\/. After approval of your comment, your profile photo will be visible to the public in the context of your comment.<\/p>\n<h3 style=\"text-align: left;\"><span style=\"font-size: 120%;\"><br>Average<\/span><\/h3>\n<p style=\"text-align: left;\">If you upload images to the website, avoid uploading images with embedded location data (EXIF GPS) included. Website visitors can download and extract any location data from images on the website.<\/p>\n<p><strong>Contact Forms<\/strong><\/p>\n<h3 style=\"text-align: left;\"><span style=\"font-size: 120%;\">Cookies<\/span><\/h3>\n<p style=\"text-align: left;\">If you leave a comment on our site you may choose to save your name, email address and website in cookies. These are for your convenience so that you do not have to fill in your details again when you leave another comment. These cookies are valid for 6 months.<\/p>\n<p style=\"text-align: left;\">If you visit our login page, we will set a temporary cookie to determine whether your browser accepts cookies. This cookie does not contain personal data and is discarded when you close your browser.<\/p>\n<p style=\"text-align: left;\">When you log in, we will also set up several cookies to save your login information and your screen display choices. Login cookies last for two days and screen options cookies last for 6 months. If you select \u201cRemember me\u201d, your login will persist for two weeks. If you log out of your account, your login cookies will be removed.<\/p>\n<p style=\"text-align: left;\">If you edit or publish an article, an additional cookie will be saved in your browser. This cookie does not include personal data and simply indicates the post ID of the article you just edited. It expires after 1 day.<\/p>\n<h3 style=\"text-align: left;\"><span style=\"font-size: 120%;\"><br>Embedded content from other websites<\/span><\/h3>\n<p style=\"text-align: left;\">Articles on this site may include embedded content (e.g. videos, images, articles, etc.). Embedded content from other websites behaves in exactly the same way as if the visitor had visited the other website.<\/p>\n<p style=\"text-align: left;\">These websites may collect data about you, use cookies, embed additional third-party tracking, and monitor your interaction with that embedded content, including tracking your interaction with the embedded content if you have an account and are logged in to that website.<\/p>\n<p><strong>Analytics<\/strong><\/p>\n<h2 style=\"text-align: left;\"><strong>Who we share your data with<\/strong><\/h2>\n<p style=\"text-align: left;\">We use cookies to personalize content and ads, provide social media features and analyze our traffic to give you the best experience on our website. We also share information about your use of our site with our social media, advertising and analytics partners who may combine it with other information that you&#039;ve provided to them or that they&#039;ve collected from your use of their services.<\/p>\n<h2 style=\"text-align: left;\"><strong><br>How long do we retain your data<\/strong><\/h2>\n<p style=\"text-align: left;\">If you leave a comment, the comment and its metadata will be retained indefinitely. This is so we can recognize and approve any follow-up comments automatically, rather than holding them in a moderation queue.<\/p>\n<p style=\"text-align: left;\">For users who register on our website (if any), we also store the personal information they provide in their user profile. All users can see, edit or delete their personal information at any time (except they cannot change their username). Site administrators can also view and edit this information.<\/p>\n<h2 style=\"text-align: left;\"><strong><br>What rights do you have over your data<\/strong><\/h2>\n<p style=\"text-align: left;\">If you have an account on this site, or have left comments, you can request to receive an exported file of the personal data we hold about you, including any data you have provided to us. You can also request that we erase any personal data we have about you. This does not include any data we are obliged to keep for administrative, legal or security purposes.<\/p>\n<h3 style=\"text-align: left;\"><span style=\"font-size: 120%;\"><strong><br>How we protect your data<\/strong><\/span><\/h3>\n<p style=\"text-align: left;\">The Data collected is stored in a secure location. At any time, the user may request the display, correction or deletion of their Data. Except in specific cases, we may keep the Data collected for legal compliance, auditing and preservation of rights, for the period necessary to fulfill these responsibilities. We use Google Analytics and Google ReCaptcha tools to collect, process and secure Data, in accordance with Google policies available at https:\/\/www.google.com\/intl\/pt-BR\/policies\/privacy\/partners\/, https: \/\/policies.google.com\/privacy and https:\/\/policies.google.com\/terms, with which the user fully agrees by accepting this Privacy Policy.<\/p>\n<h3 style=\"text-align: left;\"><span style=\"font-size: 120%;\"><strong><br>Contact<\/strong><\/span><\/h3>\n<p style=\"text-align: left;\">For questions or more information, please contact us via email contato@katiasiqueira.com.br<\/p>\n<\/div>\n\n\t\t<\/div>\n\t\t\t\t\t<\/div>\n\n\t\n\n<\/div>\n\n\t\t<\/div>\n\n\t\t\n<style>\n#section_1125543352 {\n  padding-top: 32px;\n  padding-bottom: 32px;\n  background-color: rgb(109, 155, 117);\n}\n#section_1125543352 .ux-shape-divider--top svg {\n  height: 83px;\n  --divider-top-width: 300%;\n}\n#section_1125543352 .ux-shape-divider--bottom svg {\n  height: 150px;\n  --divider-width: 300%;\n}\n<\/style>\n\t<\/section>","protected":false},"excerpt":{"rendered":"","protected":false},"author":1,"featured_media":0,"parent":0,"menu_order":0,"comment_status":"closed","ping_status":"open","template":"","meta":{"footnotes":""},"class_list":["post-3","page","type-page","status-publish","hentry"],"yoast_head":"<!-- This site is optimized with the Yoast SEO plugin v27.2 - https:\/\/yoast.com\/product\/yoast-seo-wordpress\/ -->\n<title>Pol\u00edtica de Privacidade - K\u00e1tia Siqueira<\/title>\n<meta name=\"description\" content=\"Conhe\u00e7a os termos de uso e pol\u00edtica de privacidade de nosso site. Oferecemos uma navega\u00e7\u00e3o segura para nossos usu\u00e1rios.\" \/>\n<meta name=\"robots\" content=\"index, follow, max-snippet:-1, max-image-preview:large, max-video-preview:-1\" \/>\n<link rel=\"canonical\" href=\"https:\/\/katiasiqueira.com.br\/en\/politica-de-privacidade\/\" \/>\n<meta property=\"og:locale\" content=\"en_US\" \/>\n<meta property=\"og:type\" content=\"article\" \/>\n<meta property=\"og:title\" content=\"Pol\u00edtica de Privacidade - K\u00e1tia Siqueira\" \/>\n<meta property=\"og:description\" content=\"Conhe\u00e7a os termos de uso e pol\u00edtica de privacidade de nosso site. Oferecemos uma navega\u00e7\u00e3o segura para nossos usu\u00e1rios.\" \/>\n<meta property=\"og:url\" content=\"https:\/\/katiasiqueira.com.br\/en\/politica-de-privacidade\/\" \/>\n<meta property=\"og:site_name\" content=\"K\u00e1tia Siqueira\" \/>\n<meta property=\"article:modified_time\" content=\"2023-06-21T18:58:36+00:00\" \/>\n<meta name=\"twitter:card\" content=\"summary_large_image\" \/>\n<meta name=\"twitter:label1\" content=\"Est. reading time\" \/>\n\t<meta name=\"twitter:data1\" content=\"5 minutes\" \/>\n<script type=\"application\/ld+json\" class=\"yoast-schema-graph\">{\"@context\":\"https:\/\/schema.org\",\"@graph\":[{\"@type\":\"WebPage\",\"@id\":\"https:\/\/katiasiqueira.com.br\/politica-de-privacidade\/\",\"url\":\"https:\/\/katiasiqueira.com.br\/politica-de-privacidade\/\",\"name\":\"Pol\u00edtica de Privacidade - K\u00e1tia Siqueira\",\"isPartOf\":{\"@id\":\"https:\/\/katiasiqueira.com.br\/#website\"},\"datePublished\":\"2021-09-30T20:42:14+00:00\",\"dateModified\":\"2023-06-21T18:58:36+00:00\",\"description\":\"Conhe\u00e7a os termos de uso e pol\u00edtica de privacidade de nosso site. Oferecemos uma navega\u00e7\u00e3o segura para nossos usu\u00e1rios.\",\"breadcrumb\":{\"@id\":\"https:\/\/katiasiqueira.com.br\/politica-de-privacidade\/#breadcrumb\"},\"inLanguage\":\"en-US\",\"potentialAction\":[{\"@type\":\"ReadAction\",\"target\":[\"https:\/\/katiasiqueira.com.br\/politica-de-privacidade\/\"]}]},{\"@type\":\"BreadcrumbList\",\"@id\":\"https:\/\/katiasiqueira.com.br\/politica-de-privacidade\/#breadcrumb\",\"itemListElement\":[{\"@type\":\"ListItem\",\"position\":1,\"name\":\"In\u00edcio\",\"item\":\"https:\/\/katiasiqueira.com.br\/\"},{\"@type\":\"ListItem\",\"position\":2,\"name\":\"Pol\u00edtica de Privacidade\"}]},{\"@type\":\"WebSite\",\"@id\":\"https:\/\/katiasiqueira.com.br\/#website\",\"url\":\"https:\/\/katiasiqueira.com.br\/\",\"name\":\"K\u00e1tia Siqueira\",\"description\":\"Design de Interiores\",\"potentialAction\":[{\"@type\":\"SearchAction\",\"target\":{\"@type\":\"EntryPoint\",\"urlTemplate\":\"https:\/\/katiasiqueira.com.br\/?s={search_term_string}\"},\"query-input\":{\"@type\":\"PropertyValueSpecification\",\"valueRequired\":true,\"valueName\":\"search_term_string\"}}],\"inLanguage\":\"en-US\"}]}<\/script>\n<!-- \/ Yoast SEO plugin. -->","yoast_head_json":{"title":"Privacy Policy - K\u00e1tia Siqueira","description":"Please review our website&#039;s terms of use and privacy policy. We offer a secure browsing experience for our users.","robots":{"index":"index","follow":"follow","max-snippet":"max-snippet:-1","max-image-preview":"max-image-preview:large","max-video-preview":"max-video-preview:-1"},"canonical":"https:\/\/katiasiqueira.com.br\/en\/politica-de-privacidade\/","og_locale":"en_US","og_type":"article","og_title":"Pol\u00edtica de Privacidade - K\u00e1tia Siqueira","og_description":"Conhe\u00e7a os termos de uso e pol\u00edtica de privacidade de nosso site. Oferecemos uma navega\u00e7\u00e3o segura para nossos usu\u00e1rios.","og_url":"https:\/\/katiasiqueira.com.br\/en\/politica-de-privacidade\/","og_site_name":"K\u00e1tia Siqueira","article_modified_time":"2023-06-21T18:58:36+00:00","twitter_card":"summary_large_image","twitter_misc":{"Est. reading time":"5 minutes"},"schema":{"@context":"https:\/\/schema.org","@graph":[{"@type":"WebPage","@id":"https:\/\/katiasiqueira.com.br\/politica-de-privacidade\/","url":"https:\/\/katiasiqueira.com.br\/politica-de-privacidade\/","name":"Privacy Policy - K\u00e1tia Siqueira","isPartOf":{"@id":"https:\/\/katiasiqueira.com.br\/#website"},"datePublished":"2021-09-30T20:42:14+00:00","dateModified":"2023-06-21T18:58:36+00:00","description":"Please review our website&#039;s terms of use and privacy policy. We offer a secure browsing experience for our users.","breadcrumb":{"@id":"https:\/\/katiasiqueira.com.br\/politica-de-privacidade\/#breadcrumb"},"inLanguage":"en-US","potentialAction":[{"@type":"ReadAction","target":["https:\/\/katiasiqueira.com.br\/politica-de-privacidade\/"]}]},{"@type":"BreadcrumbList","@id":"https:\/\/katiasiqueira.com.br\/politica-de-privacidade\/#breadcrumb","itemListElement":[{"@type":"ListItem","position":1,"name":"In\u00edcio","item":"https:\/\/katiasiqueira.com.br\/"},{"@type":"ListItem","position":2,"name":"Pol\u00edtica de Privacidade"}]},{"@type":"WebSite","@id":"https:\/\/katiasiqueira.com.br\/#website","url":"https:\/\/katiasiqueira.com.br\/","name":"Katia Siqueira","description":"Interior Design","potentialAction":[{"@type":"SearchAction","target":{"@type":"EntryPoint","urlTemplate":"https:\/\/katiasiqueira.com.br\/?s={search_term_string}"},"query-input":{"@type":"PropertyValueSpecification","valueRequired":true,"valueName":"search_term_string"}}],"inLanguage":"en-US"}]}},"_links":{"self":[{"href":"https:\/\/katiasiqueira.com.br\/en\/wp-json\/wp\/v2\/pages\/3","targetHints":{"allow":["GET"]}}],"collection":[{"href":"https:\/\/katiasiqueira.com.br\/en\/wp-json\/wp\/v2\/pages"}],"about":[{"href":"https:\/\/katiasiqueira.com.br\/en\/wp-json\/wp\/v2\/types\/page"}],"author":[{"embeddable":true,"href":"https:\/\/katiasiqueira.com.br\/en\/wp-json\/wp\/v2\/users\/1"}],"replies":[{"embeddable":true,"href":"https:\/\/katiasiqueira.com.br\/en\/wp-json\/wp\/v2\/comments?post=3"}],"version-history":[{"count":9,"href":"https:\/\/katiasiqueira.com.br\/en\/wp-json\/wp\/v2\/pages\/3\/revisions"}],"predecessor-version":[{"id":1360,"href":"https:\/\/katiasiqueira.com.br\/en\/wp-json\/wp\/v2\/pages\/3\/revisions\/1360"}],"wp:attachment":[{"href":"https:\/\/katiasiqueira.com.br\/en\/wp-json\/wp\/v2\/media?parent=3"}],"curies":[{"name":"wp","href":"https:\/\/api.w.org\/{rel}","templated":true}]}}