{"id":401,"date":"2022-01-26T21:39:05","date_gmt":"2022-01-26T18:39:05","guid":{"rendered":"https:\/\/katiasiqueira.com.br\/?page_id=401"},"modified":"2023-08-16T17:12:49","modified_gmt":"2023-08-16T14:12:49","slug":"contato","status":"publish","type":"page","link":"https:\/\/katiasiqueira.com.br\/en\/contato\/","title":{"rendered":"Contact"},"content":{"rendered":"<section class=\"section\" id=\"section_859303120\">\n\t\t<div class=\"section-bg fill\" >\n\t\t\t\t\t\t\t\t\t\n\t\t\t\n\n\t\t<\/div>\n\n\t\t\n\n\t\t<div class=\"section-content relative\">\n\t\t\t\n\n<div class=\"row align-center\" style=\"max-width:1200px\" id=\"row-485163367\">\n\n\n\t<div id=\"col-51576295\" class=\"col medium-7 small-12 large-5\"  >\n\t\t\t\t<div class=\"col-inner\"  >\n\t\t\t\n\t\t\t\n\n\t<div id=\"text-1489148608\" class=\"text\">\n\t\t\n\n<p>Contact<\/p>\n\t\t\n<style>\n#text-1489148608 {\n  font-size: 2.25rem;\n  text-align: center;\n}\n<\/style>\n\t<\/div>\n\t\n<div class=\"text-center\"><div class=\"is-divider divider clearfix\" style=\"margin-top:1.1em;margin-bottom:1.1em;max-width:120px;height:4px;background-color:rgb(125, 141, 125);\"><\/div><\/div>\n\n\n\t\t<\/div>\n\t\t\t\t\t<\/div>\n\n\t\n\n<\/div>\n\n\t\t<\/div>\n\n\t\t\n<style>\n#section_859303120 {\n  padding-top: 0px;\n  padding-bottom: 0px;\n}\n<\/style>\n\t<\/section>\n\t\n\n\t<section class=\"section\" id=\"section_249216291\">\n\t\t<div class=\"section-bg fill\" >\n\t\t\t\t\t\t\t\t\t\n\t\t\t\n\n\t\t<\/div>\n\n\t\t\n\n\t\t<div class=\"section-content relative\">\n\t\t\t\n\n<div class=\"row row-collapse align-middle align-center\" style=\"max-width:1200px\" id=\"row-1077291691\">\n\n\n\t<div id=\"col-1563652934\" class=\"col medium-4 small-12 large-4\"  >\n\t\t\t\t<div class=\"col-inner\"  >\n\t\t\t\n\t\t\t\n\n\n  <div class=\"banner has-hover\" id=\"banner-191215577\">\n          <div class=\"banner-inner fill\">\n        <div class=\"banner-bg fill\" >\n            <img loading=\"lazy\" decoding=\"async\" width=\"1020\" height=\"762\" src=\"https:\/\/katiasiqueira.com.br\/wp-content\/uploads\/2022\/01\/Varanda-12-1024x765.jpg\" class=\"bg attachment-large size-large\" alt=\"\" \/>                                    \n                    <\/div>\n\t\t\n        <div class=\"banner-layers container\">\n            <div class=\"fill banner-link\"><\/div>            \n\n\n        <\/div>\n      <\/div>\n\n            \n<style>\n#banner-191215577 {\n  padding-top: 99.99%;\n  background-color: rgb(255, 255, 255);\n}\n#banner-191215577 .banner-bg img {\n  object-position: 0% 57%;\n}\n<\/style>\n  <\/div>\n\n\n\n\t\t<\/div>\n\t\t\t\t\t<\/div>\n\n\t\n\n\t<div id=\"col-1849742203\" class=\"col medium-4 small-12 large-4\"  >\n\t\t\t\t<div class=\"col-inner text-center\" style=\"background-color:rgb(148, 190, 155);\" >\n\t\t\t\n\t\t\t\n\n\t<div class=\"img has-hover x md-x lg-x y md-y lg-y\" id=\"image_1287750070\">\n\t\t\t\t\t\t\t\t<div class=\"img-inner dark\" >\n\t\t\t<img loading=\"lazy\" decoding=\"async\" width=\"120\" height=\"120\" src=\"https:\/\/katiasiqueira.com.br\/wp-content\/uploads\/2022\/01\/map-pin-2-fill-1.png\" class=\"attachment-large size-large\" alt=\"\" srcset=\"https:\/\/katiasiqueira.com.br\/wp-content\/uploads\/2022\/01\/map-pin-2-fill-1.png 120w, https:\/\/katiasiqueira.com.br\/wp-content\/uploads\/2022\/01\/map-pin-2-fill-1-12x12.png 12w\" sizes=\"auto, (max-width: 120px) 100vw, 120px\" \/>\t\t\t\t\t\t\n\t\t\t\t\t<\/div>\n\t\t\t\t\t\t\t\t\n<style>\n#image_1287750070 {\n  width: 23%;\n}\n@media (min-width:550px) {\n  #image_1287750070 {\n    width: 15%;\n  }\n}\n@media (min-width:850px) {\n  #image_1287750070 {\n    width: 23%;\n  }\n}\n<\/style>\n\t<\/div>\n\t\n\n\t<div id=\"text-3427399997\" class=\"text\">\n\t\t\n\nLocation\n\t\t\n<style>\n#text-3427399997 {\n  font-size: 1.75rem;\n  text-align: center;\n  color: rgb(255,255,255);\n}\n#text-3427399997 > * {\n  color: rgb(255,255,255);\n}\n@media (min-width:550px) {\n  #text-3427399997 {\n    font-size: 1rem;\n  }\n}\n@media (min-width:850px) {\n  #text-3427399997 {\n    font-size: 1.25rem;\n  }\n}\n<\/style>\n\t<\/div>\n\t\n\t<div id=\"text-384822710\" class=\"text\">\n\t\t\n\n<p>Juiz de Fora \u2013 MG<br>\nParaty \u2013 RJ<\/p>\n\t\t\n<style>\n#text-384822710 {\n  font-size: 1rem;\n  text-align: center;\n  color: rgb(255,255,255);\n}\n#text-384822710 > * {\n  color: rgb(255,255,255);\n}\n@media (min-width:550px) {\n  #text-384822710 {\n    font-size: 0.9rem;\n  }\n}\n@media (min-width:850px) {\n  #text-384822710 {\n    font-size: 1rem;\n  }\n}\n<\/style>\n\t<\/div>\n\t\n\n\t\t<\/div>\n\t\t\t\t\n<style>\n#col-1849742203 > .col-inner {\n  padding: 50px 50px 71px 50px;\n}\n@media (min-width:550px) {\n  #col-1849742203 > .col-inner {\n    padding: 10px 10px 10px 11px;\n  }\n}\n@media (min-width:850px) {\n  #col-1849742203 > .col-inner {\n    padding: 26% 10% 26% 10%;\n  }\n}\n<\/style>\n\t<\/div>\n\n\t\n\n\t<div id=\"col-1776109540\" class=\"col medium-4 small-12 large-4\"  >\n\t\t\t\t<div class=\"col-inner\"  >\n\t\t\t\n\t\t\t\n\n\n  <div class=\"banner has-hover\" id=\"banner-848900797\">\n          <div class=\"banner-inner fill\">\n        <div class=\"banner-bg fill\" >\n            <img loading=\"lazy\" decoding=\"async\" width=\"1020\" height=\"574\" src=\"https:\/\/katiasiqueira.com.br\/wp-content\/uploads\/2022\/01\/St-Teresinha-4-1024x576.jpg\" class=\"bg attachment-large size-large\" alt=\"\" \/>                                    \n                    <\/div>\n\t\t\n        <div class=\"banner-layers container\">\n            <div class=\"fill banner-link\"><\/div>            \n\n\n        <\/div>\n      <\/div>\n\n            \n<style>\n#banner-848900797 {\n  padding-top: 99.99%;\n  background-color: rgb(255, 255, 255);\n}\n<\/style>\n  <\/div>\n\n\n\n\t\t<\/div>\n\t\t\t\t\t<\/div>\n\n\t\n\n\n<style>\n#row-1077291691 > .col > .col-inner {\n  background-color: rgb(238, 238, 238);\n}\n<\/style>\n<\/div>\n<div class=\"row row-collapse align-equal\" style=\"max-width:1200px\" id=\"row-1366151679\">\n\n\n\t<div id=\"col-1971878327\" class=\"col medium-4 small-12 large-4\"  >\n\t\t\t\t<div class=\"col-inner text-center\" style=\"background-color:rgb(148, 190, 155);\" >\n\t\t\t\n\t\t\t\n\n\t<div id=\"gap-559815135\" class=\"gap-element clearfix\" style=\"display:block; height:auto;\">\n\t\t\n<style>\n#gap-559815135 {\n  padding-top: 80px;\n}\n<\/style>\n\t<\/div>\n\t\n\n\t<div class=\"img has-hover x md-x lg-x y md-y lg-y\" id=\"image_2136483547\">\n\t\t\t\t\t\t\t\t<div class=\"img-inner dark\" >\n\t\t\t<img loading=\"lazy\" decoding=\"async\" width=\"120\" height=\"120\" src=\"https:\/\/katiasiqueira.com.br\/wp-content\/uploads\/2022\/01\/phone-fill-1.png\" class=\"attachment-large size-large\" alt=\"\" srcset=\"https:\/\/katiasiqueira.com.br\/wp-content\/uploads\/2022\/01\/phone-fill-1.png 120w, https:\/\/katiasiqueira.com.br\/wp-content\/uploads\/2022\/01\/phone-fill-1-12x12.png 12w\" sizes=\"auto, (max-width: 120px) 100vw, 120px\" \/>\t\t\t\t\t\t\n\t\t\t\t\t<\/div>\n\t\t\t\t\t\t\t\t\n<style>\n#image_2136483547 {\n  width: 23%;\n}\n@media (min-width:550px) {\n  #image_2136483547 {\n    width: 15%;\n  }\n}\n@media (min-width:850px) {\n  #image_2136483547 {\n    width: 23%;\n  }\n}\n<\/style>\n\t<\/div>\n\t\n\n\t<div id=\"text-2047720369\" class=\"text\">\n\t\t\n\nCell phone\n\t\t\n<style>\n#text-2047720369 {\n  font-size: 1.75rem;\n  text-align: center;\n  color: rgb(255,255,255);\n}\n#text-2047720369 > * {\n  color: rgb(255,255,255);\n}\n@media (min-width:550px) {\n  #text-2047720369 {\n    font-size: 1rem;\n  }\n}\n@media (min-width:850px) {\n  #text-2047720369 {\n    font-size: 1.25rem;\n  }\n}\n<\/style>\n\t<\/div>\n\t\n\t<div id=\"text-4148451177\" class=\"text\">\n\t\t\n\nCall or Whatsapp +55 32 8873-6811\n\t\t\n<style>\n#text-4148451177 {\n  font-size: 1rem;\n  text-align: center;\n  color: rgb(255,255,255);\n}\n#text-4148451177 > * {\n  color: rgb(255,255,255);\n}\n@media (min-width:550px) {\n  #text-4148451177 {\n    font-size: 0.9rem;\n  }\n}\n@media (min-width:850px) {\n  #text-4148451177 {\n    font-size: 1rem;\n  }\n}\n<\/style>\n\t<\/div>\n\t\n\n\t\t<\/div>\n\t\t\t\t\n<style>\n#col-1971878327 > .col-inner {\n  padding: 50px 50px 71px 50px;\n}\n@media (min-width:550px) {\n  #col-1971878327 > .col-inner {\n    padding: 10px 10px 10px 11px;\n  }\n}\n@media (min-width:850px) {\n  #col-1971878327 > .col-inner {\n    padding: 10% 10% 10% 10%;\n  }\n}\n<\/style>\n\t<\/div>\n\n\t\n\n\t<div id=\"col-941054785\" class=\"col medium-4 small-12 large-4\"  >\n\t\t\t\t<div class=\"col-inner\"  >\n\t\t\t\n\t\t\t\n\n\n  <div class=\"banner has-hover\" id=\"banner-1345540668\">\n          <div class=\"banner-inner fill\">\n        <div class=\"banner-bg fill\" >\n            <img loading=\"lazy\" decoding=\"async\" width=\"1020\" height=\"574\" src=\"https:\/\/katiasiqueira.com.br\/wp-content\/uploads\/2022\/01\/Laranjeiras-26-1024x576.jpg\" class=\"bg attachment-large size-large\" alt=\"\" \/>                                    \n                    <\/div>\n\t\t\n        <div class=\"banner-layers container\">\n            <div class=\"fill banner-link\"><\/div>            \n\n\n        <\/div>\n      <\/div>\n\n            \n<style>\n#banner-1345540668 {\n  padding-top: 99.99%;\n  background-color: rgb(255, 255, 255);\n}\n#banner-1345540668 .banner-bg img {\n  object-position: 42% 100%;\n}\n<\/style>\n  <\/div>\n\n\n\n\t\t<\/div>\n\t\t\t\t\t<\/div>\n\n\t\n\n\t<div id=\"col-1660349088\" class=\"col medium-4 small-12 large-4\"  >\n\t\t\t\t<div class=\"col-inner text-center\" style=\"background-color:rgb(148, 190, 155);\" >\n\t\t\t\n\t\t\t\n\n\t<div id=\"gap-1939849855\" class=\"gap-element clearfix\" style=\"display:block; height:auto;\">\n\t\t\n<style>\n#gap-1939849855 {\n  padding-top: 80px;\n}\n<\/style>\n\t<\/div>\n\t\n\n\t<div class=\"img has-hover x md-x lg-x y md-y lg-y\" id=\"image_1683148933\">\n\t\t\t\t\t\t\t\t<div class=\"img-inner dark\" >\n\t\t\t<img loading=\"lazy\" decoding=\"async\" width=\"120\" height=\"120\" src=\"https:\/\/katiasiqueira.com.br\/wp-content\/uploads\/2022\/01\/mail-fill-1.png\" class=\"attachment-large size-large\" alt=\"\" srcset=\"https:\/\/katiasiqueira.com.br\/wp-content\/uploads\/2022\/01\/mail-fill-1.png 120w, https:\/\/katiasiqueira.com.br\/wp-content\/uploads\/2022\/01\/mail-fill-1-12x12.png 12w\" sizes=\"auto, (max-width: 120px) 100vw, 120px\" \/>\t\t\t\t\t\t\n\t\t\t\t\t<\/div>\n\t\t\t\t\t\t\t\t\n<style>\n#image_1683148933 {\n  width: 23%;\n}\n@media (min-width:550px) {\n  #image_1683148933 {\n    width: 15%;\n  }\n}\n@media (min-width:850px) {\n  #image_1683148933 {\n    width: 23%;\n  }\n}\n<\/style>\n\t<\/div>\n\t\n\n\t<div id=\"text-2961220110\" class=\"text\">\n\t\t\n\nEmail\n\t\t\n<style>\n#text-2961220110 {\n  font-size: 1.75rem;\n  text-align: center;\n  color: rgb(255,255,255);\n}\n#text-2961220110 > * {\n  color: rgb(255,255,255);\n}\n@media (min-width:550px) {\n  #text-2961220110 {\n    font-size: 1rem;\n  }\n}\n@media (min-width:850px) {\n  #text-2961220110 {\n    font-size: 1.25rem;\n  }\n}\n<\/style>\n\t<\/div>\n\t\n\t<div id=\"text-69200459\" class=\"text\">\n\t\t\n\nSend us your idea! contato@katiasiqueira.com.br\n\t\t\n<style>\n#text-69200459 {\n  font-size: 1rem;\n  text-align: center;\n  color: rgb(255,255,255);\n}\n#text-69200459 > * {\n  color: rgb(255,255,255);\n}\n@media (min-width:550px) {\n  #text-69200459 {\n    font-size: 0.9rem;\n  }\n}\n@media (min-width:850px) {\n  #text-69200459 {\n    font-size: 1rem;\n  }\n}\n<\/style>\n\t<\/div>\n\t\n\n\t\t<\/div>\n\t\t\t\t\n<style>\n#col-1660349088 > .col-inner {\n  padding: 50px 50px 71px 50px;\n}\n@media (min-width:550px) {\n  #col-1660349088 > .col-inner {\n    padding: 10px 10px 10px 11px;\n  }\n}\n@media (min-width:850px) {\n  #col-1660349088 > .col-inner {\n    padding: 10% 10% 10% 10%;\n  }\n}\n<\/style>\n\t<\/div>\n\n\t\n\n\n<style>\n#row-1366151679 > .col > .col-inner {\n  background-color: rgb(238, 238, 238);\n}\n<\/style>\n<\/div>\n\t<div id=\"gap-698383978\" class=\"gap-element clearfix\" style=\"display:block; height:auto;\">\n\t\t\n<style>\n#gap-698383978 {\n  padding-top: 50px;\n}\n<\/style>\n\t<\/div>\n\t\n\n\n\t\t<\/div>\n\n\t\t\n<style>\n#section_249216291 {\n  padding-top: 0px;\n  padding-bottom: 0px;\n}\n<\/style>\n\t<\/section>\n\t\n\n\t<section class=\"section\" id=\"section_1409388505\">\n\t\t<div class=\"section-bg fill\" >\n\t\t\t\t\t\t\t\t\t\n\t\t\t\n\n\t\t<\/div>\n\n\t\t\n\n\t\t<div class=\"section-content relative\">\n\t\t\t\n\n<div class=\"row row-collapse align-middle align-center\" style=\"max-width:1200px\" id=\"row-1562404036\">\n\n\n\t<div id=\"col-1214848489\" class=\"col medium-9 small-12 large-9\"  >\n\t\t\t\t<div class=\"col-inner text-center\"  >\n\t\t\t\n\t\t\t\n\n\t<div id=\"text-1308936365\" class=\"text\">\n\t\t\n\n<p><span style=\"font-size: 120%;\">Doubts? Request contact using the form below!<\/span><br><span style=\"font-size: 120%;\">We are always available to help and will respond as soon as possible.<\/span><\/p>\n\t\t\n<style>\n#text-1308936365 {\n  font-size: 1.1rem;\n}\n<\/style>\n\t<\/div>\n\t\n\n\t\t<\/div>\n\t\t\t\t\t<\/div>\n\n\t\n\n<\/div>\n<div class=\"row\"  id=\"row-1015711558\">\n\n\n\t<div id=\"col-1999719222\" class=\"col small-12 large-12\"  >\n\t\t\t\t<div class=\"col-inner\"  >\n\t\t\t\n\t\t\t\n\n<div class=\"row align-middle align-center\"  id=\"row-665946701\">\n\n\n\t<div id=\"col-56933362\" class=\"col medium-10 small-12 large-10\"  >\n\t\t\t\t<div class=\"col-inner\"  >\n\t\t\t\n\t\t\t\n\n\t<div id=\"text-738550576\" class=\"text\">\n\t\t\n\n<div class='fluentform ff-default fluentform_wrapper_1 ffs_default_wrap'><form data-form_id=\"1\" id=\"fluentform_1\" class=\"frm-fluent-form fluent_form_1 ff-el-form-top ff_form_instance_1_1 ff-form-loading ffs_default\" data-form_instance=\"ff_form_instance_1_1\" method=\"POST\" action=\"\" ><fieldset  style=\"border: none!important;margin: 0!important;padding: 0!important;background-color: transparent!important;box-shadow: none!important;outline: none!important; min-inline-size: 100%;\">\n                    <legend class=\"ff_screen_reader_title\" style=\"display: block; margin: 0!important;padding: 0!important;height: 0!important;text-indent: -999999px;width: 0!important;overflow:hidden;\">Form | Contact Page<\/legend><input type='hidden' name='__fluent_form_embded_post_id' value='401' \/><input type=\"hidden\" id=\"_fluentform_1_fluentformnonce\" name=\"_fluentform_1_fluentformnonce\" value=\"93699f3a49\" \/><input type=\"hidden\" name=\"_wp_http_referer\" value=\"\/en\/wp-json\/wp\/v2\/pages\/401\" \/><div data-type=\"name-element\" data-name=\"names\" class=\"ff-field_container ff-name-field-wrapper\" ><div class='ff-t-container'><div class='ff-t-cell'><div class='ff-el-group'><div class=\"ff-el-input--label ff-el-is-required asterisk-right\"><label for='ff_1_names_first_name_' id='label_ff_1_names_first_name_' >Name<\/label><\/div><div class='ff-el-input--content'><input type=\"text\" name=\"names[first_name]\" id=\"ff_1_names_first_name_\" class=\"ff-el-form-control\" placeholder=\"Enter your name...\" aria-invalid=\"false\" aria-required=\"true\"><\/div><\/div><\/div><div class='ff-t-cell'><div class='ff-el-group'><div class=\"ff-el-input--label ff-el-is-required asterisk-right\"><label for='ff_1_names_last_name_' id='label_ff_1_names_last_name_' >Surname<\/label><\/div><div class='ff-el-input--content'><input type=\"text\" name=\"names[last_name]\" id=\"ff_1_names_last_name_\" class=\"ff-el-form-control\" placeholder=\"Enter your last name...\" aria-invalid=\"false\" aria-required=\"true\"><\/div><\/div><\/div><\/div><\/div><div class='ff-el-group'><div class=\"ff-el-input--label ff-el-is-required asterisk-right\"><label for='ff_1_email' id='label_ff_1_email' aria-label=\"Email\">Email<\/label><\/div><div class='ff-el-input--content'><input type=\"email\" name=\"email\" id=\"ff_1_email\" class=\"ff-el-form-control\" placeholder=\"Enter your best email...\" data-name=\"email\"  aria-invalid=\"false\" aria-required=\"true\"><\/div><\/div><div class='ff-el-group'><div class=\"ff-el-input--label ff-el-is-required asterisk-right\"><label for='ff_1_subject' id='label_ff_1_subject' aria-label=\"Subject\">Subject<\/label><\/div><div class='ff-el-input--content'><input type=\"text\" name=\"subject\" class=\"ff-el-form-control\" placeholder=\"Describe the subject...\" data-name=\"subject\" id=\"ff_1_subject\"  aria-invalid=\"false\" aria-required=\"true\"><\/div><\/div><div class='ff-el-group'><div class=\"ff-el-input--label ff-el-is-required asterisk-right\"><label for='ff_1_message' id='label_ff_1_message' aria-label=\"Your message\">Your message<\/label><\/div><div class='ff-el-input--content'><textarea aria-required=\"true\" aria-labelledby=\"label_ff_1_message\" name=\"message\" id=\"ff_1_message\" class=\"ff-el-form-control\" placeholder=\"Type your message here...\" rows=\"4\" cols=\"2\" data-name=\"message\" ><\/textarea><\/div><\/div><div class='ff-el-group ff-text-left ff_submit_btn_wrapper'><button type=\"submit\" class=\"ff-btn ff-btn-submit ff-btn-md ff_btn_style\"  aria-label=\"Send Message!\">Send Message!<\/button><\/div><\/fieldset><input type=\"hidden\" name=\"trp-form-language\" value=\"en\"\/><\/form><div id='fluentform_1_errors' class='ff-errors-in-stack ff_form_instance_1_1 ff-form-loading_errors ff_form_instance_1_1_errors'><\/div><\/div>            <script type=\"text\/javascript\">\n                window.fluent_form_ff_form_instance_1_1 = {\"id\":\"1\",\"settings\":{\"layout\":{\"labelPlacement\":\"top\",\"helpMessagePlacement\":\"with_label\",\"errorMessagePlacement\":\"inline\",\"cssClassName\":\"\",\"asteriskPlacement\":\"asterisk-right\"},\"restrictions\":{\"denyEmptySubmission\":{\"enabled\":false}}},\"form_instance\":\"ff_form_instance_1_1\",\"form_id_selector\":\"fluentform_1\",\"rules\":{\"names[first_name]\":{\"required\":{\"value\":true,\"message\":\"Obrigat\\u00f3rio\"}},\"names[middle_name]\":{\"required\":{\"value\":false,\"message\":\"This field is required\"}},\"names[last_name]\":{\"required\":{\"value\":true,\"message\":\"Obrigat\\u00f3rio\"}},\"email\":{\"required\":{\"value\":true,\"message\":\"Obrigat\\u00f3rio\"},\"email\":{\"value\":true,\"message\":\"Insira um email v\\u00e1lido!\"}},\"subject\":{\"required\":{\"value\":true,\"message\":\"Obrigat\\u00f3rio\"}},\"message\":{\"required\":{\"value\":true,\"message\":\"Obrigat\\u00f3rio\"}}},\"debounce_time\":300};\n                            <\/script>\n            \n\t\t\n<style>\n#text-738550576 {\n  font-size: 1.1rem;\n}\n<\/style>\n\t<\/div>\n\t\n\n\t\t<\/div>\n\t\t\t\t\t<\/div>\n\n\t\n\n<\/div>\n\n\t\t<\/div>\n\t\t\t\t\t<\/div>\n\n\t\n\n<\/div>\n\n\t\t<\/div>\n\n\t\t\n<style>\n#section_1409388505 {\n  padding-top: 0px;\n  padding-bottom: 0px;\n}\n<\/style>\n\t<\/section>","protected":false},"excerpt":{"rendered":"","protected":false},"author":1,"featured_media":0,"parent":0,"menu_order":0,"comment_status":"closed","ping_status":"closed","template":"page-blank.php","meta":{"footnotes":""},"class_list":["post-401","page","type-page","status-publish","hentry"],"yoast_head":"<!-- This site is optimized with the Yoast SEO plugin v27.2 - https:\/\/yoast.com\/product\/yoast-seo-wordpress\/ -->\n<title>Contato - K\u00e1tia Siqueira<\/title>\n<meta name=\"description\" content=\"Entre em contato e compartilhe suas d\u00favidas ou solicita\u00e7\u00f5es! Transforme o seu espa\u00e7o hoje mesmo com nossa consultoria!\" \/>\n<meta name=\"robots\" content=\"index, follow, max-snippet:-1, max-image-preview:large, max-video-preview:-1\" \/>\n<link rel=\"canonical\" href=\"https:\/\/katiasiqueira.com.br\/en\/contato\/\" \/>\n<meta property=\"og:locale\" content=\"en_US\" \/>\n<meta property=\"og:type\" content=\"article\" \/>\n<meta property=\"og:title\" content=\"Contato - K\u00e1tia Siqueira\" \/>\n<meta property=\"og:description\" content=\"Entre em contato e compartilhe suas d\u00favidas ou solicita\u00e7\u00f5es! Transforme o seu espa\u00e7o hoje mesmo com nossa consultoria!\" \/>\n<meta property=\"og:url\" content=\"https:\/\/katiasiqueira.com.br\/en\/contato\/\" \/>\n<meta property=\"og:site_name\" content=\"K\u00e1tia Siqueira\" \/>\n<meta property=\"article:modified_time\" content=\"2023-08-16T14:12:49+00:00\" \/>\n<meta name=\"twitter:card\" content=\"summary_large_image\" \/>\n<script type=\"application\/ld+json\" class=\"yoast-schema-graph\">{\"@context\":\"https:\/\/schema.org\",\"@graph\":[{\"@type\":\"WebPage\",\"@id\":\"https:\/\/katiasiqueira.com.br\/contato\/\",\"url\":\"https:\/\/katiasiqueira.com.br\/contato\/\",\"name\":\"Contato - K\u00e1tia Siqueira\",\"isPartOf\":{\"@id\":\"https:\/\/katiasiqueira.com.br\/#website\"},\"datePublished\":\"2022-01-26T18:39:05+00:00\",\"dateModified\":\"2023-08-16T14:12:49+00:00\",\"description\":\"Entre em contato e compartilhe suas d\u00favidas ou solicita\u00e7\u00f5es! Transforme o seu espa\u00e7o hoje mesmo com nossa consultoria!\",\"breadcrumb\":{\"@id\":\"https:\/\/katiasiqueira.com.br\/contato\/#breadcrumb\"},\"inLanguage\":\"en-US\",\"potentialAction\":[{\"@type\":\"ReadAction\",\"target\":[\"https:\/\/katiasiqueira.com.br\/contato\/\"]}]},{\"@type\":\"BreadcrumbList\",\"@id\":\"https:\/\/katiasiqueira.com.br\/contato\/#breadcrumb\",\"itemListElement\":[{\"@type\":\"ListItem\",\"position\":1,\"name\":\"In\u00edcio\",\"item\":\"https:\/\/katiasiqueira.com.br\/\"},{\"@type\":\"ListItem\",\"position\":2,\"name\":\"Contato\"}]},{\"@type\":\"WebSite\",\"@id\":\"https:\/\/katiasiqueira.com.br\/#website\",\"url\":\"https:\/\/katiasiqueira.com.br\/\",\"name\":\"K\u00e1tia Siqueira\",\"description\":\"Design de Interiores\",\"potentialAction\":[{\"@type\":\"SearchAction\",\"target\":{\"@type\":\"EntryPoint\",\"urlTemplate\":\"https:\/\/katiasiqueira.com.br\/?s={search_term_string}\"},\"query-input\":{\"@type\":\"PropertyValueSpecification\",\"valueRequired\":true,\"valueName\":\"search_term_string\"}}],\"inLanguage\":\"en-US\"}]}<\/script>\n<!-- \/ Yoast SEO plugin. -->","yoast_head_json":{"title":"Contact - K\u00e1tia Siqueira","description":"Get in touch and share your questions or requests! Transform your space today with our consulting services!","robots":{"index":"index","follow":"follow","max-snippet":"max-snippet:-1","max-image-preview":"max-image-preview:large","max-video-preview":"max-video-preview:-1"},"canonical":"https:\/\/katiasiqueira.com.br\/en\/contato\/","og_locale":"en_US","og_type":"article","og_title":"Contato - K\u00e1tia Siqueira","og_description":"Entre em contato e compartilhe suas d\u00favidas ou solicita\u00e7\u00f5es! Transforme o seu espa\u00e7o hoje mesmo com nossa consultoria!","og_url":"https:\/\/katiasiqueira.com.br\/en\/contato\/","og_site_name":"K\u00e1tia Siqueira","article_modified_time":"2023-08-16T14:12:49+00:00","twitter_card":"summary_large_image","schema":{"@context":"https:\/\/schema.org","@graph":[{"@type":"WebPage","@id":"https:\/\/katiasiqueira.com.br\/contato\/","url":"https:\/\/katiasiqueira.com.br\/contato\/","name":"Contact - K\u00e1tia Siqueira","isPartOf":{"@id":"https:\/\/katiasiqueira.com.br\/#website"},"datePublished":"2022-01-26T18:39:05+00:00","dateModified":"2023-08-16T14:12:49+00:00","description":"Get in touch and share your questions or requests! Transform your space today with our consulting services!","breadcrumb":{"@id":"https:\/\/katiasiqueira.com.br\/contato\/#breadcrumb"},"inLanguage":"en-US","potentialAction":[{"@type":"ReadAction","target":["https:\/\/katiasiqueira.com.br\/contato\/"]}]},{"@type":"BreadcrumbList","@id":"https:\/\/katiasiqueira.com.br\/contato\/#breadcrumb","itemListElement":[{"@type":"ListItem","position":1,"name":"In\u00edcio","item":"https:\/\/katiasiqueira.com.br\/"},{"@type":"ListItem","position":2,"name":"Contato"}]},{"@type":"WebSite","@id":"https:\/\/katiasiqueira.com.br\/#website","url":"https:\/\/katiasiqueira.com.br\/","name":"Katia Siqueira","description":"Interior Design","potentialAction":[{"@type":"SearchAction","target":{"@type":"EntryPoint","urlTemplate":"https:\/\/katiasiqueira.com.br\/?s={search_term_string}"},"query-input":{"@type":"PropertyValueSpecification","valueRequired":true,"valueName":"search_term_string"}}],"inLanguage":"en-US"}]}},"_links":{"self":[{"href":"https:\/\/katiasiqueira.com.br\/en\/wp-json\/wp\/v2\/pages\/401","targetHints":{"allow":["GET"]}}],"collection":[{"href":"https:\/\/katiasiqueira.com.br\/en\/wp-json\/wp\/v2\/pages"}],"about":[{"href":"https:\/\/katiasiqueira.com.br\/en\/wp-json\/wp\/v2\/types\/page"}],"author":[{"embeddable":true,"href":"https:\/\/katiasiqueira.com.br\/en\/wp-json\/wp\/v2\/users\/1"}],"replies":[{"embeddable":true,"href":"https:\/\/katiasiqueira.com.br\/en\/wp-json\/wp\/v2\/comments?post=401"}],"version-history":[{"count":55,"href":"https:\/\/katiasiqueira.com.br\/en\/wp-json\/wp\/v2\/pages\/401\/revisions"}],"predecessor-version":[{"id":1524,"href":"https:\/\/katiasiqueira.com.br\/en\/wp-json\/wp\/v2\/pages\/401\/revisions\/1524"}],"wp:attachment":[{"href":"https:\/\/katiasiqueira.com.br\/en\/wp-json\/wp\/v2\/media?parent=401"}],"curies":[{"name":"wp","href":"https:\/\/api.w.org\/{rel}","templated":true}]}}